{"id":612,"date":"2016-03-07T03:11:04","date_gmt":"2016-03-07T03:11:04","guid":{"rendered":"https:\/\/www.gavias-theme.com\/wp\/indutri\/?page_id=612"},"modified":"2024-12-18T13:12:13","modified_gmt":"2024-12-18T10:12:13","slug":"about-page","status":"publish","type":"page","link":"https:\/\/sidecagdasosgb.com\/?page_id=612","title":{"rendered":"Side \u00c7a\u011fda\u015f OSGB"},"content":{"rendered":"\t\t<div data-elementor-type=\"wp-post\" data-elementor-id=\"612\" class=\"elementor elementor-612\">\n\t\t\t\t\t\t<section class=\"elementor-section elementor-top-section elementor-element elementor-element-1279549a elementor-section-boxed elementor-section-height-default elementor-section-height-default\" data-id=\"1279549a\" data-element_type=\"section\">\n\t\t\t\t\t\t<div class=\"elementor-container elementor-column-gap-default\">\n\t\t\t\t\t<div class=\"elementor-column elementor-col-50 elementor-top-column elementor-element elementor-element-2d41672 top column-style-top\" data-id=\"2d41672\" data-element_type=\"column\">\n\t\t\t<div class=\"elementor-widget-wrap elementor-element-populated\">\n\t\t\t\t\t\t<section class=\"elementor-section elementor-inner-section elementor-element elementor-element-3054b3dc elementor-section-boxed elementor-section-height-default elementor-section-height-default\" data-id=\"3054b3dc\" data-element_type=\"section\">\n\t\t\t\t\t\t<div class=\"elementor-container elementor-column-gap-default\">\n\t\t\t\t\t<div class=\"elementor-column elementor-col-100 elementor-inner-column elementor-element elementor-element-61306f8a top column-style-top\" data-id=\"61306f8a\" data-element_type=\"column\">\n\t\t\t<div class=\"elementor-widget-wrap elementor-element-populated\">\n\t\t\t\t\t\t<div class=\"elementor-element elementor-element-57ad4f9c elementor-widget elementor-widget-gva-heading-block\" data-id=\"57ad4f9c\" data-element_type=\"widget\" data-widget_type=\"gva-heading-block.default\">\n\t\t\t\t<div class=\"elementor-widget-container\">\n\t\t\t\t\t<div class=\"gva-element-gva-heading-block gva-element\">   <div class=\"align-left style-1 widget gsc-heading box-align-left\">\r\n      <div class=\"content-inner\">\r\n         \r\n                  \r\n           \r\n         \r\n                     <h2 class=\"title\">\r\n               <span>Side \u00c7a\u011fda\u015f Ortak Sa\u011fl\u0131k G\u00fcvenlik Birimi<\/span>\r\n            <\/h2>\r\n                              <div class=\"title-desc\">2017 y\u0131l\u0131n\u0131n Kas\u0131m ay\u0131ndan bu yana \u00c7al\u0131\u015fma ve Sosyal G\u00fcvenlik Bakanl\u0131\u011f\u0131 \u0130\u015f Sa\u011fl\u0131\u011f\u0131 ve G\u00fcvenli\u011fi Genel M\u00fcd\u00fcrl\u00fc\u011f\u00fc\u2019nden ald\u0131\u011f\u0131 yetki belgesiyle \u2018\u2019ORTAK SA\u011eLIK G\u00dcVENL\u0130K B\u0130R\u0130M\u0130 \u2018\u2019unvan ve yetkisi ile hizmet vermektedir.Side \u00c7a\u011fda\u015f Ortak Sa\u011fl\u0131k G\u00fcvenlik Birimi olarak uzman ekip arkada\u015flar\u0131m\u0131z ile; otel\/turizm, in\u015faat\/m\u00fcteahhitlik\/ta\u015feronluk, alt yap\u0131 i\u015fleri, \u015falt sahas\u0131 in\u015faas\u0131, havai hat projeleri, yol yap\u0131m i\u015fleri, yer \u00fcst\u00fc maden ocaklar\u0131, su kanal\u0131 ve g\u00f6let yap\u0131m\u0131, orman kesim i\u015fleri, devlet hastanesi ve di\u015f hastanesi in\u015faatlar\u0131, temelden otel in\u015faatlar\u0131 ve otel renovasyon projelerinde 6331 Say\u0131l\u0131 Kanun mevzuatlar\u0131n\u0131n rehberlik ve dan\u0131\u015fmanl\u0131k hizmetlerini vermekteyiz.Bunun yan\u0131 s\u0131ra i\u015fe giri\u015f sa\u011fl\u0131k tetkikleri i\u00e7in Sabit T\u0131bbi Tetkik Mek\u00e2n\u0131m\u0131z ve g\u00fclery\u00fczl\u00fc ekibimizle akci\u011fer grafisi, EKG, Odyometri, Solunum fonksiyon testi, gaita k\u00fclt\u00fcr\u00fc, burun ve bo\u011faz k\u00fclt\u00fcr\u00fc, hemogram, a\u00e7l\u0131k kan \u015fekeri, kan grubu testleri hizmetlerini vermekteyiz.Risk Analizi, Acil Durum Eylem Plan\u0131, \u0130\u015f G\u00fcvenli\u011fi e\u011fitimleri, Y\u00fcksekte \u00c7al\u0131\u015fma e\u011fitimleri, risklerini tayini ve al\u0131nacak \u00f6nlemlerin belirlenmesi, sa\u011fl\u0131k muayeneleri, olabilecek i\u015f kazalar\u0131n\u0131n \u00f6n\u00fcne ge\u00e7ecek \u00f6nlemlerin al\u0131nmas\u0131 konular\u0131nda dan\u0131\u015fmanl\u0131k yapmaktay\u0131z.<\/div>\r\n         \r\n         \r\n      <\/div>\r\n   <\/div>\r\n   <div class=\"clearfix\"><\/div>\r\n<\/div>\t\t\t\t<\/div>\n\t\t\t\t<\/div>\n\t\t\t\t\t<\/div>\n\t\t<\/div>\n\t\t\t\t\t<\/div>\n\t\t<\/section>\n\t\t\t\t\t<\/div>\n\t\t<\/div>\n\t\t\t\t<div class=\"elementor-column elementor-col-50 elementor-top-column elementor-element elementor-element-47c5cee9 top column-style-top\" data-id=\"47c5cee9\" data-element_type=\"column\">\n\t\t\t<div class=\"elementor-widget-wrap elementor-element-populated\">\n\t\t\t\t\t\t<div class=\"elementor-element elementor-element-3b7c8567 arrow-top-left elementor-widget__width-auto elementor-widget elementor-widget-image\" data-id=\"3b7c8567\" data-element_type=\"widget\" data-widget_type=\"image.default\">\n\t\t\t\t<div class=\"elementor-widget-container\">\n\t\t\t\t\t\t\t\t\t\t\t\t\t\t\t<img decoding=\"async\" src=\"https:\/\/www.gavias-theme.com\/wp\/indutri\/wp-content\/uploads\/2020\/07\/image-9.jpg\" title=\"\" alt=\"\" loading=\"lazy\" \/>\t\t\t\t\t\t\t\t\t\t\t\t\t\t\t<\/div>\n\t\t\t\t<\/div>\n\t\t\t\t\t<\/div>\n\t\t<\/div>\n\t\t\t\t\t<\/div>\n\t\t<\/section>\n\t\t\t\t<section class=\"elementor-section elementor-top-section elementor-element elementor-element-e67c947 elementor-section-boxed elementor-section-height-default elementor-section-height-default\" data-id=\"e67c947\" data-element_type=\"section\">\n\t\t\t\t\t\t<div class=\"elementor-container elementor-column-gap-default\">\n\t\t\t\t\t<div class=\"elementor-column elementor-col-33 elementor-top-column elementor-element elementor-element-84ecaf5 top column-style-top\" data-id=\"84ecaf5\" data-element_type=\"column\">\n\t\t\t<div class=\"elementor-widget-wrap elementor-element-populated\">\n\t\t\t\t\t\t<div class=\"elementor-element elementor-element-e205463 elementor-widget elementor-widget-image\" data-id=\"e205463\" data-element_type=\"widget\" data-widget_type=\"image.default\">\n\t\t\t\t<div class=\"elementor-widget-container\">\n\t\t\t\t\t\t\t\t\t\t\t\t\t\t\t<img fetchpriority=\"high\" decoding=\"async\" width=\"634\" height=\"907\" src=\"https:\/\/sidecagdasosgb.com\/wp-content\/uploads\/2024\/12\/Ekran-goruntusu-2024-12-14-120147.png\" class=\"attachment-large size-large wp-image-10977\" alt=\"\" \/>\t\t\t\t\t\t\t\t\t\t\t\t\t\t\t<\/div>\n\t\t\t\t<\/div>\n\t\t\t\t\t<\/div>\n\t\t<\/div>\n\t\t\t\t<div class=\"elementor-column elementor-col-66 elementor-top-column elementor-element elementor-element-ac4d24b top column-style-top\" data-id=\"ac4d24b\" data-element_type=\"column\">\n\t\t\t<div class=\"elementor-widget-wrap elementor-element-populated\">\n\t\t\t\t\t\t<div class=\"elementor-element elementor-element-44bca7a elementor-widget elementor-widget-image\" data-id=\"44bca7a\" data-element_type=\"widget\" data-widget_type=\"image.default\">\n\t\t\t\t<div class=\"elementor-widget-container\">\n\t\t\t\t\t\t\t\t\t\t\t\t\t\t\t<img decoding=\"async\" width=\"900\" height=\"602\" src=\"https:\/\/sidecagdasosgb.com\/wp-content\/uploads\/2024\/12\/Ekran-goruntusu-2024-12-14-120213-1024x685.png\" class=\"attachment-large size-large wp-image-10978\" alt=\"\" srcset=\"https:\/\/sidecagdasosgb.com\/wp-content\/uploads\/2024\/12\/Ekran-goruntusu-2024-12-14-120213-1024x685.png 1024w, https:\/\/sidecagdasosgb.com\/wp-content\/uploads\/2024\/12\/Ekran-goruntusu-2024-12-14-120213-768x514.png 768w, https:\/\/sidecagdasosgb.com\/wp-content\/uploads\/2024\/12\/Ekran-goruntusu-2024-12-14-120213.png 1678w\" sizes=\"(max-width: 900px) 100vw, 900px\" \/>\t\t\t\t\t\t\t\t\t\t\t\t\t\t\t<\/div>\n\t\t\t\t<\/div>\n\t\t\t\t\t<\/div>\n\t\t<\/div>\n\t\t\t\t\t<\/div>\n\t\t<\/section>\n\t\t\t\t<section class=\"elementor-section elementor-top-section elementor-element elementor-element-485fba25 elementor-section-boxed elementor-section-height-default elementor-section-height-default\" data-id=\"485fba25\" data-element_type=\"section\">\n\t\t\t\t\t\t<div class=\"elementor-container elementor-column-gap-default\">\n\t\t\t\t\t<div class=\"elementor-column elementor-col-100 elementor-top-column elementor-element elementor-element-55f03f50 column-style-top\" data-id=\"55f03f50\" data-element_type=\"column\" data-settings=\"{&quot;background_background&quot;:&quot;classic&quot;}\">\n\t\t\t<div class=\"elementor-widget-wrap elementor-element-populated\">\n\t\t\t\t\t\t<section class=\"elementor-section elementor-inner-section elementor-element elementor-element-5d7c6549 elementor-section-boxed elementor-section-height-default elementor-section-height-default\" data-id=\"5d7c6549\" data-element_type=\"section\">\n\t\t\t\t\t\t<div class=\"elementor-container elementor-column-gap-default\">\n\t\t\t\t\t<div class=\"elementor-column elementor-col-33 elementor-inner-column elementor-element elementor-element-b38a84a top column-style-top\" data-id=\"b38a84a\" data-element_type=\"column\">\n\t\t\t<div class=\"elementor-widget-wrap elementor-element-populated\">\n\t\t\t\t\t\t<div class=\"elementor-element elementor-element-20c6fe9a elementor-widget elementor-widget-gva-counter\" data-id=\"20c6fe9a\" data-element_type=\"widget\" data-widget_type=\"gva-counter.default\">\n\t\t\t\t<div class=\"elementor-widget-container\">\n\t\t\t\t\t<div class=\"gva-element-gva-counter gva-element\">\r\n         <div class=\"widget milestone-block style-1\">\r\n         <div class=\"box-content\">\r\n            \r\n            <div class=\"milestone-content\">\r\n               <div class=\"milestone-number-inner\">\r\n                                    <span class=\"milestone-number\">808<\/span>\r\n                                 <\/div>\r\n                                 <div class=\"milestone-text\">\r\n                      \u00c7al\u0131\u015f\u0131lan Firma                  <\/div>\r\n                           <\/div>\r\n         <\/div>   \r\n      <\/div> \r\n   \r\n<\/div>\t\t\t\t<\/div>\n\t\t\t\t<\/div>\n\t\t\t\t\t<\/div>\n\t\t<\/div>\n\t\t\t\t<div class=\"elementor-column elementor-col-33 elementor-inner-column elementor-element elementor-element-58434b13 top column-style-top\" data-id=\"58434b13\" data-element_type=\"column\">\n\t\t\t<div class=\"elementor-widget-wrap elementor-element-populated\">\n\t\t\t\t\t\t<div class=\"elementor-element elementor-element-74075a91 elementor-widget elementor-widget-gva-counter\" data-id=\"74075a91\" data-element_type=\"widget\" data-widget_type=\"gva-counter.default\">\n\t\t\t\t<div class=\"elementor-widget-container\">\n\t\t\t\t\t<div class=\"gva-element-gva-counter gva-element\">\r\n         <div class=\"widget milestone-block style-1\">\r\n         <div class=\"box-content\">\r\n            \r\n            <div class=\"milestone-content\">\r\n               <div class=\"milestone-number-inner\">\r\n                                    <span class=\"milestone-number\">18400<\/span>\r\n                                 <\/div>\r\n                                 <div class=\"milestone-text\">\r\n                      \u00c7al\u0131\u015fan Kontrol\u00fc                  <\/div>\r\n                           <\/div>\r\n         <\/div>   \r\n      <\/div> \r\n   \r\n<\/div>\t\t\t\t<\/div>\n\t\t\t\t<\/div>\n\t\t\t\t\t<\/div>\n\t\t<\/div>\n\t\t\t\t<div class=\"elementor-column elementor-col-33 elementor-inner-column elementor-element elementor-element-6daa7f6a top column-style-top\" data-id=\"6daa7f6a\" data-element_type=\"column\">\n\t\t\t<div class=\"elementor-widget-wrap elementor-element-populated\">\n\t\t\t\t\t\t<div class=\"elementor-element elementor-element-7aaf9d8c elementor-widget elementor-widget-gva-counter\" data-id=\"7aaf9d8c\" data-element_type=\"widget\" data-widget_type=\"gva-counter.default\">\n\t\t\t\t<div class=\"elementor-widget-container\">\n\t\t\t\t\t<div class=\"gva-element-gva-counter gva-element\">\r\n         <div class=\"widget milestone-block style-1\">\r\n         <div class=\"box-content\">\r\n            \r\n            <div class=\"milestone-content\">\r\n               <div class=\"milestone-number-inner\">\r\n                                    <span class=\"milestone-number\">560<\/span>\r\n                                 <\/div>\r\n                                 <div class=\"milestone-text\">\r\n                      Verilen E\u011fitim                  <\/div>\r\n                           <\/div>\r\n         <\/div>   \r\n      <\/div> \r\n   \r\n<\/div>\t\t\t\t<\/div>\n\t\t\t\t<\/div>\n\t\t\t\t\t<\/div>\n\t\t<\/div>\n\t\t\t\t\t<\/div>\n\t\t<\/section>\n\t\t\t\t\t<\/div>\n\t\t<\/div>\n\t\t\t\t\t<\/div>\n\t\t<\/section>\n\t\t\t\t<\/div>\n\t\t","protected":false},"excerpt":{"rendered":"<p>Side \u00c7a\u011fda\u015f Ortak Sa\u011fl\u0131k G\u00fcvenlik Birimi 2017 y\u0131l\u0131n\u0131n Kas\u0131m ay\u0131ndan bu yana \u00c7al\u0131\u015fma ve Sosyal G\u00fcvenlik Bakanl\u0131\u011f\u0131 \u0130\u015f Sa\u011fl\u0131\u011f\u0131 ve G\u00fcvenli\u011fi Genel M\u00fcd\u00fcrl\u00fc\u011f\u00fc\u2019nden ald\u0131\u011f\u0131 yetki belgesiyle \u2018\u2019ORTAK SA\u011eLIK G\u00dcVENL\u0130K B\u0130R\u0130M\u0130 \u2018\u2019unvan ve yetkisi ile hizmet vermektedir.Side \u00c7a\u011fda\u015f Ortak Sa\u011fl\u0131k G\u00fcvenlik Birimi olarak uzman ekip arkada\u015flar\u0131m\u0131z ile; otel\/turizm, in\u015faat\/m\u00fcteahhitlik\/ta\u015feronluk, alt yap\u0131 i\u015fleri, \u015falt sahas\u0131 in\u015faas\u0131, havai [&hellip;]<\/p>\n","protected":false},"author":1,"featured_media":0,"parent":0,"menu_order":0,"comment_status":"closed","ping_status":"closed","template":"","meta":{"footnotes":""},"class_list":["post-612","page","type-page","status-publish","hentry"],"_links":{"self":[{"href":"https:\/\/sidecagdasosgb.com\/index.php?rest_route=\/wp\/v2\/pages\/612","targetHints":{"allow":["GET"]}}],"collection":[{"href":"https:\/\/sidecagdasosgb.com\/index.php?rest_route=\/wp\/v2\/pages"}],"about":[{"href":"https:\/\/sidecagdasosgb.com\/index.php?rest_route=\/wp\/v2\/types\/page"}],"author":[{"embeddable":true,"href":"https:\/\/sidecagdasosgb.com\/index.php?rest_route=\/wp\/v2\/users\/1"}],"replies":[{"embeddable":true,"href":"https:\/\/sidecagdasosgb.com\/index.php?rest_route=%2Fwp%2Fv2%2Fcomments&post=612"}],"version-history":[{"count":11,"href":"https:\/\/sidecagdasosgb.com\/index.php?rest_route=\/wp\/v2\/pages\/612\/revisions"}],"predecessor-version":[{"id":11068,"href":"https:\/\/sidecagdasosgb.com\/index.php?rest_route=\/wp\/v2\/pages\/612\/revisions\/11068"}],"wp:attachment":[{"href":"https:\/\/sidecagdasosgb.com\/index.php?rest_route=%2Fwp%2Fv2%2Fmedia&parent=612"}],"curies":[{"name":"wp","href":"https:\/\/api.w.org\/{rel}","templated":true}]}}